{"id":109,"date":"2015-06-24T18:30:51","date_gmt":"2015-06-24T17:30:51","guid":{"rendered":"http:\/\/www.zupscavoj.sk\/?page_id=109"},"modified":"2024-07-14T14:54:32","modified_gmt":"2024-07-14T13:54:32","slug":"kontakt","status":"publish","type":"page","link":"http:\/\/www.zupscavoj.sk\/?page_id=109","title":{"rendered":"Kontakt"},"content":{"rendered":"<p>Zdru\u017eenie urb\u00e1ru pozemkov\u00e9 spolo\u010denstvo \u010cavoj<\/p>\n<p>972 29 \u010cavoj 86<\/p>\n<p>I\u010cO: 36123552<\/p>\n<p>DI\u010c: 2021260780<\/p>\n<p>I\u010c DPH: SK2021260780<\/p>\n<p>Telef\u00f3n: +421 904 839 478, \u00a0+421 903 556 885\u00a0\/Ing. J\u00e1n Hala\u0161ka &#8211; predseda spolo\u010denstva\/,<\/p>\n<p>+421 910 952 992\u00a0 \/\u0160m\u00fdkal D. &#8211; zmluvn\u00fd pracovn\u00edk\/,<\/p>\n<p>e mail: <a href=\"mailto:urbarcavoj@centrum.sk\">urbarcavoj@centrum.sk<\/a><\/p>\n","protected":false},"excerpt":{"rendered":"<p>Zdru\u017eenie urb\u00e1ru pozemkov\u00e9 spolo\u010denstvo \u010cavoj 972 29 \u010cavoj 86 I\u010cO: 36123552 DI\u010c: 2021260780 I\u010c DPH: SK2021260780 Telef\u00f3n: +421 904 839 478, \u00a0+421 903 556 885\u00a0\/Ing. J\u00e1n Hala\u0161ka &#8211; predseda spolo\u010denstva\/, +421 910 952 992\u00a0 \/\u0160m\u00fdkal D. &#8211; zmluvn\u00fd pracovn\u00edk\/, e&#8230;<br \/><a class=\"read-more-button\" href=\"http:\/\/www.zupscavoj.sk\/?page_id=109\">\u010c\u00edta\u0165 viac<\/a><\/p>\n","protected":false},"author":1,"featured_media":0,"parent":0,"menu_order":0,"comment_status":"closed","ping_status":"closed","template":"","meta":[],"_links":{"self":[{"href":"http:\/\/www.zupscavoj.sk\/index.php?rest_route=\/wp\/v2\/pages\/109"}],"collection":[{"href":"http:\/\/www.zupscavoj.sk\/index.php?rest_route=\/wp\/v2\/pages"}],"about":[{"href":"http:\/\/www.zupscavoj.sk\/index.php?rest_route=\/wp\/v2\/types\/page"}],"author":[{"embeddable":true,"href":"http:\/\/www.zupscavoj.sk\/index.php?rest_route=\/wp\/v2\/users\/1"}],"replies":[{"embeddable":true,"href":"http:\/\/www.zupscavoj.sk\/index.php?rest_route=%2Fwp%2Fv2%2Fcomments&post=109"}],"version-history":[{"count":19,"href":"http:\/\/www.zupscavoj.sk\/index.php?rest_route=\/wp\/v2\/pages\/109\/revisions"}],"predecessor-version":[{"id":1043,"href":"http:\/\/www.zupscavoj.sk\/index.php?rest_route=\/wp\/v2\/pages\/109\/revisions\/1043"}],"wp:attachment":[{"href":"http:\/\/www.zupscavoj.sk\/index.php?rest_route=%2Fwp%2Fv2%2Fmedia&parent=109"}],"curies":[{"name":"wp","href":"https:\/\/api.w.org\/{rel}","templated":true}]}}