{"id":134,"date":"2015-10-29T16:22:54","date_gmt":"2015-10-29T15:22:54","guid":{"rendered":"http:\/\/www.zupscavoj.sk\/?page_id=134"},"modified":"2018-12-17T10:59:21","modified_gmt":"2018-12-17T09:59:21","slug":"legislativa","status":"publish","type":"page","link":"http:\/\/www.zupscavoj.sk\/?page_id=134","title":{"rendered":"Legislat\u00edva"},"content":{"rendered":"<p><a href=\"http:\/\/www.zupscavoj.sk\/wp-content\/uploads\/2018\/10\/Vyhl\u00e1\u0161ka-297-2011-o-lesnej-hospod.-evidenci\u00ed.pdf\">Vyhl\u00e1\u0161ka 297-2011 &#8211; o lesnej hospod. evidenci\u00ed<\/a><\/p>\n<p><a href=\"http:\/\/www.zupscavoj.sk\/wp-content\/uploads\/2018\/10\/Vyhl\u00e1\u0161ka-15-2015-o-hosp.-\u00faprave-a-ochrane-lesov.pdf\">Vyhl\u00e1\u0161ka 15-2015 &#8211; o hosp. \u00faprave a ochrane lesov<\/a><\/p>\n<p><a href=\"http:\/\/www.zupscavoj.sk\/wp-content\/uploads\/2018\/10\/Z\u00e1kon-18-2018_zz_Ochrana-os.\u00fadajov.pdf\">Z\u00e1kon 18- 2018_zz_Ochrana os.\u00fadajov<\/a><\/p>\n<p><a href=\"http:\/\/www.zupscavoj.sk\/wp-content\/uploads\/2018\/10\/Z\u00e1kon-\u010d.-280-2017-o-poskytovan\u00ed-podpory-a-dot\u00e1cie.pdf\">Z\u00e1kon \u010d. 280- 2017 &#8211; o poskytovan\u00ed podpory a dot\u00e1cie<\/a><\/p>\n<p><a href=\"http:\/\/www.zupscavoj.sk\/wp-content\/uploads\/2018\/08\/Z\u00e1kon-o-pozemkov\u00fdch-spolo\u010denstv\u00e1ch.pdf\">Z\u00e1kon \u010d. 97\/2013 Z.z. o pozemkov\u00fdch spolo\u010denstv\u00e1ch<\/a><\/p>\n<p><a href=\"http:\/\/www.zupscavoj.sk\/wp-content\/uploads\/2015\/10\/Vyhl\u00e1\u0161ka-o-vyzna\u010dovan\u00ed-\u0165a\u017eby-dreva1.pdf\">Vyhl\u00e1\u0161ka \u010d. 232\/2006 &#8211; o vyzna\u010dovan\u00ed \u0165a\u017eby dreva<\/a><\/p>\n<p><a href=\"http:\/\/www.zupscavoj.sk\/wp-content\/uploads\/2015\/10\/Vyhl\u00e1\u0161ka-o-sk\u00fa\u0161ke-odbornej-sp\u00f4sobilosti1.pdf\">Vyhl\u00e1\u0161ka \u010d. 441\/2006 &#8211; o sk\u00fa\u0161ke odbornej sp\u00f4sobilosti<\/a><\/p>\n<p><a href=\"http:\/\/www.zupscavoj.sk\/wp-content\/uploads\/2015\/10\/Vyhl\u00e1\u0161ka-o-ochrane-lesn\u00fdch-pozemkov1.pdf\">Vyhl\u00e1\u0161ka \u010d. 12\/2009 &#8211; o ochrane lesn\u00fdch pozemkov<\/a><\/p>\n<p><a href=\"http:\/\/www.zupscavoj.sk\/wp-content\/uploads\/2015\/10\/Vyhl\u00e1\u0161ka-o-odbornom-lesnom-hospod\u00e1rovi1.pdf\">Vyhl\u00e1\u0161ka \u010d. 451\/2006 &#8211; o odbornom lesnom hospod\u00e1rovi<\/a><\/p>\n<p><a href=\"http:\/\/www.zupscavoj.sk\/wp-content\/uploads\/2015\/10\/Vyhl\u00e1\u0161ka-o-lesnej-str\u00e1\u017ei1.pdf\">Vyhl\u00e1\u0161ka \u010d. 397\/2006 &#8211; o lesnej str\u00e1\u017ei<\/a><\/p>\n<p><a href=\"http:\/\/www.zupscavoj.sk\/wp-content\/uploads\/2015\/10\/Vyhl\u00e1\u0161ka-o-lesnej-hospod.evidnci\u00ed1.pdf\">Vyhl\u00e1\u0161ka \u010d. 31\/1999 Z.z. &#8211; o lesnej hospod.evidnci\u00ed<\/a><\/p>\n<p><a href=\"http:\/\/www.zupscavoj.sk\/wp-content\/uploads\/2015\/10\/Vyhl\u00e1\u0161ka-o-hospod\u00e1rskej-\u00faprave-lesov1.pdf\">Vyhl\u00e1\u0161ka \u010d. 453\/2006 &#8211; o hospod\u00e1rskej \u00faprave lesov<\/a><\/p>\n<p><a href=\"http:\/\/www.zupscavoj.sk\/wp-content\/uploads\/2015\/10\/Vyhl\u00e1\u0161ka-o-evidenci\u00ed-lesn\u00fdch-pozemkov-a-stavieb1.pdf\">Vyhl\u00e1\u0161ka \u010d. 65\/1995 Z.z. &#8211; o evidenci\u00ed lesn\u00fdch pozemkov a stavieb<\/a><\/p>\n<p><a href=\"http:\/\/www.zupscavoj.sk\/wp-content\/uploads\/2015\/10\/Z\u00e1kon-o-spr\u00e1vnom-konan\u00ed1.pdf\">Z\u00e1kon \u010d. 71\/1967 Zb. &#8211; o spr\u00e1vnom konan\u00ed<\/a><\/p>\n<p><a href=\"http:\/\/www.zupscavoj.sk\/wp-content\/uploads\/2015\/10\/Z\u00e1kon-o-Slovenskej-lesn\u00edckej-komore1.pdf\">Z\u00e1kon \u010d. 259\/1993 Z.z. &#8211; o Slovenskej lesn\u00edckej komore<\/a><\/p>\n<p><a href=\"http:\/\/www.zupscavoj.sk\/wp-content\/uploads\/2015\/10\/Z\u00e1kon-o-ochrane-a-vyu\u017e\u00edvan\u00ed-po\u013enoh.-p\u00f4dy.pdf\">Z\u00e1kon \u010d. 34\/2014 Z.z. &#8211; o ochrane a vyu\u017e\u00edvan\u00ed po\u013enohos. p\u00f4dy<\/a><\/p>\n<p><a href=\"http:\/\/www.zupscavoj.sk\/wp-content\/uploads\/2015\/10\/Z\u00e1kon-o-rastlinolek\u00e1rskej-starostlivosti.pdf\">Z\u00e1kon \u010d. 193\/2005 &#8211; o rastlinolek\u00e1rskej starostlivosti<\/a><\/p>\n<p>&nbsp;<\/p>\n<h6><a href=\"http:\/\/www.zupscavoj.sk\/wp-content\/uploads\/2018\/12\/Zoznam-v\u0161eobecn\u00fdch-pr\u00e1vnych-predpisov-k-1.3.2018.pdf\">Zoznam v\u0161eobecn\u00fdch pr\u00e1vnych predpisov k 1.3.2018<\/a><\/h6>\n<p>&nbsp;<\/p>\n","protected":false},"excerpt":{"rendered":"<p>Vyhl\u00e1\u0161ka 297-2011 &#8211; o lesnej hospod. evidenci\u00ed Vyhl\u00e1\u0161ka 15-2015 &#8211; o hosp. \u00faprave a ochrane lesov Z\u00e1kon 18- 2018_zz_Ochrana os.\u00fadajov Z\u00e1kon \u010d. 280- 2017 &#8211; o poskytovan\u00ed podpory a dot\u00e1cie Z\u00e1kon \u010d. 97\/2013 Z.z. o pozemkov\u00fdch spolo\u010denstv\u00e1ch Vyhl\u00e1\u0161ka \u010d. 232\/2006&#8230;<br \/><a class=\"read-more-button\" href=\"http:\/\/www.zupscavoj.sk\/?page_id=134\">\u010c\u00edta\u0165 viac<\/a><\/p>\n","protected":false},"author":1,"featured_media":0,"parent":0,"menu_order":0,"comment_status":"closed","ping_status":"closed","template":"","meta":[],"_links":{"self":[{"href":"http:\/\/www.zupscavoj.sk\/index.php?rest_route=\/wp\/v2\/pages\/134"}],"collection":[{"href":"http:\/\/www.zupscavoj.sk\/index.php?rest_route=\/wp\/v2\/pages"}],"about":[{"href":"http:\/\/www.zupscavoj.sk\/index.php?rest_route=\/wp\/v2\/types\/page"}],"author":[{"embeddable":true,"href":"http:\/\/www.zupscavoj.sk\/index.php?rest_route=\/wp\/v2\/users\/1"}],"replies":[{"embeddable":true,"href":"http:\/\/www.zupscavoj.sk\/index.php?rest_route=%2Fwp%2Fv2%2Fcomments&post=134"}],"version-history":[{"count":29,"href":"http:\/\/www.zupscavoj.sk\/index.php?rest_route=\/wp\/v2\/pages\/134\/revisions"}],"predecessor-version":[{"id":598,"href":"http:\/\/www.zupscavoj.sk\/index.php?rest_route=\/wp\/v2\/pages\/134\/revisions\/598"}],"wp:attachment":[{"href":"http:\/\/www.zupscavoj.sk\/index.php?rest_route=%2Fwp%2Fv2%2Fmedia&parent=134"}],"curies":[{"name":"wp","href":"https:\/\/api.w.org\/{rel}","templated":true}]}}