{"id":288,"date":"2016-04-03T18:40:42","date_gmt":"2016-04-03T17:40:42","guid":{"rendered":"http:\/\/www.zupscavoj.sk\/?page_id=288"},"modified":"2021-08-11T07:29:22","modified_gmt":"2021-08-11T06:29:22","slug":"o-nas","status":"publish","type":"page","link":"http:\/\/www.zupscavoj.sk\/?page_id=288","title":{"rendered":"O n\u00e1s"},"content":{"rendered":"<p class=\"western\" align=\"LEFT\"><span style=\"font-family: URW Chancery L,serif;\"><span style=\"font-size: large;\">Re\u0161titu\u010dn\u00e9 konanie vo veci vydania majetku b\u00fdval\u00e9ho urb\u00e1rskeho spolo\u010denstva v \u010cavoji bolo z\u00e1konom 81\/49 Zb. a 2\/58 Zb. zru\u0161en\u00e9.<\/span><\/span><\/p>\n<p class=\"western\" align=\"LEFT\"><span style=\"font-family: URW Chancery L,serif;\"><span style=\"font-size: large;\">D\u0148a 28.12.1992 bola Pozemkov\u00fdm \u00faradom v Prievidzi podan\u00e1 \u017eiados\u0165 o vr\u00e1tenie majetku b\u00fdval\u00e9ho urb\u00e1rskeho spolo\u010denstva.<\/span><\/span><\/p>\n<p class=\"western\"><span style=\"font-family: URW Chancery L,serif;\"><span style=\"font-size: large;\"> Rok 1993 bol venovan\u00fd vyh\u013ead\u00e1vaniu podkladov pre vydanie majetku (mapy, identifik\u00e1cia parciel, zoznam p\u00f4vodn\u00fdch vlastn\u00edkov). <\/span><\/span><\/p>\n<p class=\"western\"><span style=\"font-family: URW Chancery L,serif;\"><span style=\"font-size: large;\"> 26.novembra 1993 bol na zakladaj\u00facej sch\u00f4dzi urb\u00e1rskeho spolo\u010denstva zvolen\u00fd 11 \u010dlenn\u00fd v\u00fdbor, ktor\u00e9ho hlavnou \u00falohou bolo prevzia\u0165 majetok Severoslovensk\u00fdch \u0161t\u00e1tnych lesov.<\/span><\/span><\/p>\n<p class=\"western\"><span style=\"font-family: URW Chancery L,serif;\"><span style=\"font-size: large;\"> V apr\u00edli 1994 Severoslovensk\u00e9 lesy \u0161. p. dali do u\u017e\u00edvania 530 ha z b\u00fdval\u00e9ho urb\u00e1rskeho majetku. <\/span><\/span><\/p>\n<p class=\"western\"><span style=\"font-family: URW Chancery L,serif;\"><span style=\"font-size: large;\">Pod\u013ea z\u00e1kona 330\/91 Zb. s\u00fa pozemkov\u00e9 \u00farady opr\u00e1vnen\u00e9 vies\u0165 konanie vo veci vyd\u00e1vania nehnute\u013enosti, ktor\u00e9 boli n\u00e1silne vzat\u00e9 po roku 1948.<\/span><\/span><\/p>\n<p class=\"western\"><span style=\"font-family: URW Chancery L,serif;\"><span style=\"font-size: large;\"> Rok 1995 bol venovan\u00fd vydokladovaniu a vyh\u013ead\u00e1vaniu opr\u00e1vnen\u00fdch os\u00f4b na majetok b\u00fdval\u00e9ho urb\u00e1rskeho spolo\u010denstva v \u010cavoji. Na tomto mieste by sme sa chceli po\u010fakova\u0165 pani Marte Krpelanovej a pani Marte Luk\u00e1\u010dovej, ktor\u00e9 sa ve\u013emi obetavo venovali dokazovaniu n\u00e1roku na vydanie majetku, ktor\u00fd n\u00e1m pod\u013ea pr\u00e1va patril a ktor\u00fd bol vo vlastn\u00edctve Slovensk\u00e9ho pozemkov\u00e9ho fondu Bratislava.<\/span><\/span><\/p>\n<p class=\"western\"><span style=\"font-family: URW Chancery L,serif;\"><span style=\"font-size: large;\"> Vzh\u013eadom na to, \u017ee v na\u0161ej obci nebola dokon\u010den\u00e1 komas\u00e1cia, \u010das\u0165 urb\u00e1rskeho majetku bola vzat\u00e1 do komas\u00e1cie a t\u00e1to nebola skon\u010den\u00e1. Pozemkovokni\u017en\u00fd oper\u00e1t neexistoval, zav\u00e1dzal sa zjednodu\u0161en\u00fd register pozemkov a ako jedin\u00e1 obec v okrese sme museli pou\u017ei\u0165 pri preukazovan\u00ed opr\u00e1vnenosti n\u00e1roku na majetok, zoznam p\u00f4vodn\u00fdch vlastn\u00edkov z roku 1936, ktor\u00fd obsahoval a\u017e 756 mien. A na preukazanie vlastn\u00edctva sme pod\u013ea z\u00e1konn\u00fdch predpisov museli vyu\u017ei\u0165 v\u0161etky formy dokazovania (rodn\u00e9 listy, a pod.). <\/span><\/span><\/p>\n<p class=\"western\"><span style=\"font-family: URW Chancery L,serif;\"><span style=\"font-size: large;\"> V tom \u010dase sa podal n\u00e1vrh na vr\u00e1tenie majetku vo v\u00fd\u0161ke 782761\/799702&nbsp; podielov spolo\u010dnej nehnute\u013enosti \u010do predstavuje 98 % majetku. SPF spravuje majetok v celkovej v\u00fd\u0161ke 16940\/799702&nbsp; podielov \u010do predstavuje 2 %.<\/span><\/span><\/p>\n<p class=\"western\"><span style=\"font-family: URW Chancery L,serif;\"><span style=\"font-size: large;\"> V\u0161etky doklady boli odovzdan\u00e9 Pozemkov\u00e9mu \u00faradu v Prievidzi, ktor\u00e9ho \u00falohou bolo n\u00e1roky prekontrolova\u0165 a vyda\u0165 rozhodnutie o vlastn\u00edctve. Cel\u00fd proces re\u0161tit\u00facie bol z na\u0161ej strany skon\u010den\u00fd. <\/span><\/span><\/p>\n<p class=\"western\"><a name=\"_GoBack\"><\/a> <span style=\"font-family: URW Chancery L,serif;\"><span style=\"font-size: large;\"> Spolo\u010denstvo d\u0148a 27.02.1996, bolo zap\u00edsan\u00e9 Obvodn\u00fdm \u00faradom v&nbsp;Nov\u00e1koch do Registra pozemkov\u00fdch spolo\u010denstiev s&nbsp;pr\u00e1vnou subjektivitou, pod registra\u010dnou zna\u010dkou R-13\/NO. <\/span><\/span><\/p>\n<p class=\"western\"><span style=\"font-family: URW Chancery L,serif;\"><span style=\"font-size: large;\"> Spoluvlastn\u00edcky podiel nehnute\u013enej veci pozost\u00e1vaj\u00faci z&nbsp;viacer\u00fdch samostatn\u00fdch pozemkov je zap\u00edsan\u00fd na listoch vlastn\u00edctva \u010d. 867 a&nbsp;1422, veden\u00fdch pre katastr\u00e1lne \u00fazemie \u010cavoj, na Katastr\u00e1lnom odbore Okresn\u00e9ho \u00faradu Prievidza.<\/span><\/span><\/p>\n","protected":false},"excerpt":{"rendered":"<p>Re\u0161titu\u010dn\u00e9 konanie vo veci vydania majetku b\u00fdval\u00e9ho urb\u00e1rskeho spolo\u010denstva v \u010cavoji bolo z\u00e1konom 81\/49 Zb. a 2\/58 Zb. zru\u0161en\u00e9. D\u0148a 28.12.1992 bola Pozemkov\u00fdm \u00faradom v Prievidzi podan\u00e1 \u017eiados\u0165 o vr\u00e1tenie majetku b\u00fdval\u00e9ho urb\u00e1rskeho spolo\u010denstva. Rok 1993 bol venovan\u00fd vyh\u013ead\u00e1vaniu podkladov&#8230;<br \/><a class=\"read-more-button\" href=\"http:\/\/www.zupscavoj.sk\/?page_id=288\">\u010c\u00edta\u0165 viac<\/a><\/p>\n","protected":false},"author":1,"featured_media":0,"parent":0,"menu_order":0,"comment_status":"closed","ping_status":"closed","template":"","meta":[],"_links":{"self":[{"href":"http:\/\/www.zupscavoj.sk\/index.php?rest_route=\/wp\/v2\/pages\/288"}],"collection":[{"href":"http:\/\/www.zupscavoj.sk\/index.php?rest_route=\/wp\/v2\/pages"}],"about":[{"href":"http:\/\/www.zupscavoj.sk\/index.php?rest_route=\/wp\/v2\/types\/page"}],"author":[{"embeddable":true,"href":"http:\/\/www.zupscavoj.sk\/index.php?rest_route=\/wp\/v2\/users\/1"}],"replies":[{"embeddable":true,"href":"http:\/\/www.zupscavoj.sk\/index.php?rest_route=%2Fwp%2Fv2%2Fcomments&post=288"}],"version-history":[{"count":7,"href":"http:\/\/www.zupscavoj.sk\/index.php?rest_route=\/wp\/v2\/pages\/288\/revisions"}],"predecessor-version":[{"id":800,"href":"http:\/\/www.zupscavoj.sk\/index.php?rest_route=\/wp\/v2\/pages\/288\/revisions\/800"}],"wp:attachment":[{"href":"http:\/\/www.zupscavoj.sk\/index.php?rest_route=%2Fwp%2Fv2%2Fmedia&parent=288"}],"curies":[{"name":"wp","href":"https:\/\/api.w.org\/{rel}","templated":true}]}}