{"id":324,"date":"2016-08-21T11:49:05","date_gmt":"2016-08-21T10:49:05","guid":{"rendered":"http:\/\/www.zupscavoj.sk\/?page_id=324"},"modified":"2021-08-11T07:29:06","modified_gmt":"2021-08-11T06:29:06","slug":"lom-koncina","status":"publish","type":"page","link":"http:\/\/www.zupscavoj.sk\/?page_id=324","title":{"rendered":"Lom Kon\u010din\u00e1"},"content":{"rendered":"<p>Od 20.09.2018 &#8211; ofici\u00e1lne otvorenie lomu<\/p>\n<p><a href=\"http:\/\/www.zupscavoj.sk\/wp-content\/uploads\/2018\/10\/Objedn\u00e1vkov\u00fd-list-2.pdf\">Objedn\u00e1vkov\u00fd list<\/a><\/p>\n<p><a href=\"http:\/\/www.zupscavoj.sk\/wp-content\/uploads\/2018\/03\/Technick\u00e1-spr\u00e1va.pdf\">Technick\u00e1 spr\u00e1va<\/a><\/p>\n<p><a href=\"http:\/\/www.zupscavoj.sk\/wp-content\/uploads\/2016\/08\/Pl\u00e1n-vyu\u017e\u00edvania-lo\u017eiska.doc\">Pl\u00e1n vyu\u017e\u00edvania lo\u017eiska<\/a><\/p>\n<p>&nbsp;<\/p>\n","protected":false},"excerpt":{"rendered":"<p>Od 20.09.2018 &#8211; ofici\u00e1lne otvorenie lomu Objedn\u00e1vkov\u00fd list Technick\u00e1 spr\u00e1va Pl\u00e1n vyu\u017e\u00edvania lo\u017eiska &nbsp;<\/p>\n","protected":false},"author":1,"featured_media":0,"parent":0,"menu_order":0,"comment_status":"closed","ping_status":"closed","template":"","meta":[],"_links":{"self":[{"href":"http:\/\/www.zupscavoj.sk\/index.php?rest_route=\/wp\/v2\/pages\/324"}],"collection":[{"href":"http:\/\/www.zupscavoj.sk\/index.php?rest_route=\/wp\/v2\/pages"}],"about":[{"href":"http:\/\/www.zupscavoj.sk\/index.php?rest_route=\/wp\/v2\/types\/page"}],"author":[{"embeddable":true,"href":"http:\/\/www.zupscavoj.sk\/index.php?rest_route=\/wp\/v2\/users\/1"}],"replies":[{"embeddable":true,"href":"http:\/\/www.zupscavoj.sk\/index.php?rest_route=%2Fwp%2Fv2%2Fcomments&post=324"}],"version-history":[{"count":10,"href":"http:\/\/www.zupscavoj.sk\/index.php?rest_route=\/wp\/v2\/pages\/324\/revisions"}],"predecessor-version":[{"id":607,"href":"http:\/\/www.zupscavoj.sk\/index.php?rest_route=\/wp\/v2\/pages\/324\/revisions\/607"}],"wp:attachment":[{"href":"http:\/\/www.zupscavoj.sk\/index.php?rest_route=%2Fwp%2Fv2%2Fmedia&parent=324"}],"curies":[{"name":"wp","href":"https:\/\/api.w.org\/{rel}","templated":true}]}}