{"id":556,"date":"2018-10-24T10:14:44","date_gmt":"2018-10-24T09:14:44","guid":{"rendered":"http:\/\/www.zupscavoj.sk\/?page_id=556"},"modified":"2018-10-31T08:35:36","modified_gmt":"2018-10-31T07:35:36","slug":"gdpr","status":"publish","type":"page","link":"http:\/\/www.zupscavoj.sk\/?page_id=556","title":{"rendered":"GDPR"},"content":{"rendered":"<p>Z\u00e1kladn\u00e9 inform\u00e1cie o ochrane osobn\u00fdch \u00fadajov pre dotknut\u00fa osobu<\/p>\n<p><a href=\"http:\/\/www.zupscavoj.sk\/wp-content\/uploads\/2018\/10\/Inform\u00e1cie-o-spracovan\u00ed-os.-\u00fadajov-1.pdf\">Inform\u00e1cie o spracovan\u00ed os. \u00fadajov<\/a><\/p>\n","protected":false},"excerpt":{"rendered":"<p>Z\u00e1kladn\u00e9 inform\u00e1cie o ochrane osobn\u00fdch \u00fadajov pre dotknut\u00fa osobu Inform\u00e1cie o spracovan\u00ed os. \u00fadajov<\/p>\n","protected":false},"author":1,"featured_media":0,"parent":0,"menu_order":0,"comment_status":"closed","ping_status":"closed","template":"","meta":[],"_links":{"self":[{"href":"http:\/\/www.zupscavoj.sk\/index.php?rest_route=\/wp\/v2\/pages\/556"}],"collection":[{"href":"http:\/\/www.zupscavoj.sk\/index.php?rest_route=\/wp\/v2\/pages"}],"about":[{"href":"http:\/\/www.zupscavoj.sk\/index.php?rest_route=\/wp\/v2\/types\/page"}],"author":[{"embeddable":true,"href":"http:\/\/www.zupscavoj.sk\/index.php?rest_route=\/wp\/v2\/users\/1"}],"replies":[{"embeddable":true,"href":"http:\/\/www.zupscavoj.sk\/index.php?rest_route=%2Fwp%2Fv2%2Fcomments&post=556"}],"version-history":[{"count":4,"href":"http:\/\/www.zupscavoj.sk\/index.php?rest_route=\/wp\/v2\/pages\/556\/revisions"}],"predecessor-version":[{"id":587,"href":"http:\/\/www.zupscavoj.sk\/index.php?rest_route=\/wp\/v2\/pages\/556\/revisions\/587"}],"wp:attachment":[{"href":"http:\/\/www.zupscavoj.sk\/index.php?rest_route=%2Fwp%2Fv2%2Fmedia&parent=556"}],"curies":[{"name":"wp","href":"https:\/\/api.w.org\/{rel}","templated":true}]}}